{"id":71,"date":"2024-07-21T09:46:12","date_gmt":"2024-07-21T09:46:12","guid":{"rendered":"https:\/\/goodlifesetup.com\/?page_id=71"},"modified":"2024-07-21T12:57:21","modified_gmt":"2024-07-21T12:57:21","slug":"impressum","status":"publish","type":"page","link":"https:\/\/goodlifesetup.com\/index.php\/impressum\/","title":{"rendered":"Impressum"},"content":{"rendered":"\n<p>5it GmbH<br>Ulrichstr. 69<br>82057 Icking<br>Deutschland<\/p>\n\n\n\n<p>Tel.: +4989250078420<br>E-Mail: ms@5it.de<\/p>\n\n\n\n<p>Registergericht: Amtsgericht M\u00fcnchen<br>Registernummer: HRB 173564<\/p>\n\n\n\n<p>Gesch\u00e4ftsf\u00fchrer: Michael Schindlbeck-Lorenz<\/p>\n\n\n\n<p>Umsatzsteuer-Identifikationsnummer: DE260422024<\/p>\n","protected":false},"excerpt":{"rendered":"<p>5it GmbHUlrichstr. 6982057 IckingDeutschland Tel.: +4989250078420E-Mail: ms@5it.de Registergericht: Amtsgericht M\u00fcnchenRegisternummer: HRB 173564 Gesch\u00e4ftsf\u00fchrer: Michael Schindlbeck-Lorenz Umsatzsteuer-Identifikationsnummer: DE260422024<\/p>\n","protected":false},"author":1,"featured_media":0,"parent":0,"menu_order":0,"comment_status":"closed","ping_status":"closed","template":"","meta":{"_et_pb_use_builder":"off","_et_pb_old_content":"<!-- wp:paragraph -->\n<p>5it GmbH<br>Ulrichstr. 69<br>82057 Icking<br>Deutschland<\/p>\n<!-- \/wp:paragraph -->\n\n<!-- wp:paragraph -->\n<p>Tel.: +4989250078420<br>E-Mail: ms@5it.de<\/p>\n<!-- \/wp:paragraph -->\n\n<!-- wp:paragraph -->\n<p>Registergericht: Amtsgericht M\u00fcnchen<br>Registernummer: HRB 173564<\/p>\n<!-- \/wp:paragraph -->\n\n<!-- wp:paragraph -->\n<p>Gesch\u00e4ftsf\u00fchrer: Michael Schindlbeck-Lorenz<\/p>\n<!-- \/wp:paragraph -->\n\n<!-- wp:paragraph -->\n<p>Umsatzsteuer-Identifikationsnummer: DE260422024<\/p>\n<!-- \/wp:paragraph -->","_et_gb_content_width":"","footnotes":""},"class_list":["post-71","page","type-page","status-publish","hentry"],"_links":{"self":[{"href":"https:\/\/goodlifesetup.com\/index.php\/wp-json\/wp\/v2\/pages\/71"}],"collection":[{"href":"https:\/\/goodlifesetup.com\/index.php\/wp-json\/wp\/v2\/pages"}],"about":[{"href":"https:\/\/goodlifesetup.com\/index.php\/wp-json\/wp\/v2\/types\/page"}],"author":[{"embeddable":true,"href":"https:\/\/goodlifesetup.com\/index.php\/wp-json\/wp\/v2\/users\/1"}],"replies":[{"embeddable":true,"href":"https:\/\/goodlifesetup.com\/index.php\/wp-json\/wp\/v2\/comments?post=71"}],"version-history":[{"count":5,"href":"https:\/\/goodlifesetup.com\/index.php\/wp-json\/wp\/v2\/pages\/71\/revisions"}],"predecessor-version":[{"id":409,"href":"https:\/\/goodlifesetup.com\/index.php\/wp-json\/wp\/v2\/pages\/71\/revisions\/409"}],"wp:attachment":[{"href":"https:\/\/goodlifesetup.com\/index.php\/wp-json\/wp\/v2\/media?parent=71"}],"curies":[{"name":"wp","href":"https:\/\/api.w.org\/{rel}","templated":true}]}}